{"id":916,"date":"2024-09-16T22:05:57","date_gmt":"2024-09-16T20:05:57","guid":{"rendered":"https:\/\/studx.fr\/?page_id=916"},"modified":"2025-02-17T23:26:57","modified_gmt":"2025-02-17T21:26:57","slug":"series","status":"publish","type":"page","link":"https:\/\/studx.fr\/en\/series\/","title":{"rendered":"S\u00c9RIES"},"content":{"rendered":"<div class=\"pmpro\">\n<div class=\"pmpro_card pmpro_content_message\">\n<h2 class=\"pmpro_card_title pmpro_font-large\"><svg xmlns=\"http:\/\/www.w3.org\/2000\/svg\" width=\"24\" height=\"24\" viewbox=\"0 0 24 24\" fill=\"none\" stroke=\"var(--pmpro--color--accent)\" stroke-width=\"2\" stroke-linecap=\"round\" stroke-linejoin=\"round\" class=\"feather feather-lock\"><rect x=\"3\" y=\"11\" width=\"18\" height=\"11\" rx=\"2\" ry=\"2\"><\/rect><path d=\"M7 11V7a5 5 0 0 1 10 0v4\"><\/path><\/svg>Membership Required<\/h2>\n<div class=\"pmpro_card_content\">\n<p> You must be a member to access this content.<\/p>\n<p><a class=\"pmpro_btn\" href=\"https:\/\/studx.fr\/en\/niveaux-dadhesion\/\">View Membership Levels<\/a><\/p>\n<\/div>\n<div class=\"pmpro_card_actions pmpro_font-medium\">Already a member? <a href=\"https:\/\/studx.fr\/en\/login\/?redirect_to=https%3A%2F%2Fstudx.fr%2Fen%2Fseries%2F\">Log in here<\/a><\/div>\n<\/div>\n<\/div>","protected":false},"excerpt":{"rendered":"Contenu r\u00e9serv\u00e9 - S\u00e9ries \u00c9ducation Pour enfants Les princesses connect\u00e9es + 1 - 2025 Contenu r\u00e9serv\u00e9 - S\u00e9ries Religion F\u00eates pa\u00efennes et chr\u00e9tiennes : enqu\u00eate + 1 - 2025 Contenu r\u00e9serv\u00e9 - S\u00e9ries Religion Celui qui d\u00e9laisse ma sunna + 1 - 2025 Contenu r\u00e9serv\u00e9 - S\u00e9ries Religion Le pouvoir des dua + 1 - [...]","protected":false},"author":1,"featured_media":0,"parent":0,"menu_order":0,"comment_status":"closed","ping_status":"closed","template":"","meta":{"pmpro_default_level":"","footnotes":""},"class_list":["post-916","page","type-page","status-publish","hentry","pmpro-level-required","pmpro-level-1","pmpro-level-3","pmpro-level-2","pmpro-no-access"],"_links":{"self":[{"href":"https:\/\/studx.fr\/en\/wp-json\/wp\/v2\/pages\/916","targetHints":{"allow":["GET"]}}],"collection":[{"href":"https:\/\/studx.fr\/en\/wp-json\/wp\/v2\/pages"}],"about":[{"href":"https:\/\/studx.fr\/en\/wp-json\/wp\/v2\/types\/page"}],"author":[{"embeddable":true,"href":"https:\/\/studx.fr\/en\/wp-json\/wp\/v2\/users\/1"}],"replies":[{"embeddable":true,"href":"https:\/\/studx.fr\/en\/wp-json\/wp\/v2\/comments?post=916"}],"version-history":[{"count":5,"href":"https:\/\/studx.fr\/en\/wp-json\/wp\/v2\/pages\/916\/revisions"}],"predecessor-version":[{"id":1457,"href":"https:\/\/studx.fr\/en\/wp-json\/wp\/v2\/pages\/916\/revisions\/1457"}],"wp:attachment":[{"href":"https:\/\/studx.fr\/en\/wp-json\/wp\/v2\/media?parent=916"}],"curies":[{"name":"wp","href":"https:\/\/api.w.org\/{rel}","templated":true}]}}