{"id":912,"date":"2024-09-16T22:03:36","date_gmt":"2024-09-16T20:03:36","guid":{"rendered":"https:\/\/studx.fr\/?page_id=912"},"modified":"2025-02-17T23:22:26","modified_gmt":"2025-02-17T21:22:26","slug":"films","status":"publish","type":"page","link":"https:\/\/studx.fr\/en\/films\/","title":{"rendered":"FILMS"},"content":{"rendered":"<div class=\"pmpro\">\n<div class=\"pmpro_card pmpro_content_message\">\n<h2 class=\"pmpro_card_title pmpro_font-large\"><svg xmlns=\"http:\/\/www.w3.org\/2000\/svg\" width=\"24\" height=\"24\" viewbox=\"0 0 24 24\" fill=\"none\" stroke=\"var(--pmpro--color--accent)\" stroke-width=\"2\" stroke-linecap=\"round\" stroke-linejoin=\"round\" class=\"feather feather-lock\"><rect x=\"3\" y=\"11\" width=\"18\" height=\"11\" rx=\"2\" ry=\"2\"><\/rect><path d=\"M7 11V7a5 5 0 0 1 10 0v4\"><\/path><\/svg>Membership Required<\/h2>\n<div class=\"pmpro_card_content\">\n<p> You must be a member to access this content.<\/p>\n<p><a class=\"pmpro_btn\" href=\"https:\/\/studx.fr\/en\/niveaux-dadhesion\/\">View Membership Levels<\/a><\/p>\n<\/div>\n<div class=\"pmpro_card_actions pmpro_font-medium\">Already a member? <a href=\"https:\/\/studx.fr\/en\/login\/?redirect_to=https%3A%2F%2Fstudx.fr%2Fen%2Ffilms%2F\">Log in here<\/a><\/div>\n<\/div>\n<\/div>","protected":false},"excerpt":{"rendered":"4K Ultra HD 2025 Religion PSYCHOLOGIE ET IDENTIT\u00c9 4K Ultra HD 2025 Religion l&rsquo;histoire et l&rsquo;identit\u00e9 des musulmans 4K Ultra HD 2025 Religion LA DAWAH EN OCCIDENT 4K Ultra HD Histoires pour enfants SOUND ASLEEP 4K Ultra HD Histoires pour enfants Derri\u00e8res les pixels 10 4K Ultra HD 15 2025 Religion DE PR\u00c9DICATEUR \u00c0 PERTURBATEUR [...]","protected":false},"author":1,"featured_media":0,"parent":0,"menu_order":0,"comment_status":"closed","ping_status":"closed","template":"","meta":{"pmpro_default_level":"","footnotes":""},"class_list":["post-912","page","type-page","status-publish","hentry","pmpro-level-required","pmpro-level-1","pmpro-level-3","pmpro-level-2","pmpro-no-access"],"_links":{"self":[{"href":"https:\/\/studx.fr\/en\/wp-json\/wp\/v2\/pages\/912","targetHints":{"allow":["GET"]}}],"collection":[{"href":"https:\/\/studx.fr\/en\/wp-json\/wp\/v2\/pages"}],"about":[{"href":"https:\/\/studx.fr\/en\/wp-json\/wp\/v2\/types\/page"}],"author":[{"embeddable":true,"href":"https:\/\/studx.fr\/en\/wp-json\/wp\/v2\/users\/1"}],"replies":[{"embeddable":true,"href":"https:\/\/studx.fr\/en\/wp-json\/wp\/v2\/comments?post=912"}],"version-history":[{"count":6,"href":"https:\/\/studx.fr\/en\/wp-json\/wp\/v2\/pages\/912\/revisions"}],"predecessor-version":[{"id":1453,"href":"https:\/\/studx.fr\/en\/wp-json\/wp\/v2\/pages\/912\/revisions\/1453"}],"wp:attachment":[{"href":"https:\/\/studx.fr\/en\/wp-json\/wp\/v2\/media?parent=912"}],"curies":[{"name":"wp","href":"https:\/\/api.w.org\/{rel}","templated":true}]}}