{"id":885,"date":"2024-09-16T21:42:07","date_gmt":"2024-09-16T19:42:07","guid":{"rendered":"https:\/\/studx.fr\/?page_id=885"},"modified":"2025-02-17T23:25:15","modified_gmt":"2025-02-17T21:25:15","slug":"podcasts","status":"publish","type":"page","link":"https:\/\/studx.fr\/en\/podcasts\/","title":{"rendered":"PODCASTS"},"content":{"rendered":"<div class=\"pmpro\">\n<div class=\"pmpro_card pmpro_content_message\">\n<h2 class=\"pmpro_card_title pmpro_font-large\"><svg xmlns=\"http:\/\/www.w3.org\/2000\/svg\" width=\"24\" height=\"24\" viewbox=\"0 0 24 24\" fill=\"none\" stroke=\"var(--pmpro--color--accent)\" stroke-width=\"2\" stroke-linecap=\"round\" stroke-linejoin=\"round\" class=\"feather feather-lock\"><rect x=\"3\" y=\"11\" width=\"18\" height=\"11\" rx=\"2\" ry=\"2\"><\/rect><path d=\"M7 11V7a5 5 0 0 1 10 0v4\"><\/path><\/svg>Membership Required<\/h2>\n<div class=\"pmpro_card_content\">\n<p> You must be a member to access this content.<\/p>\n<p><a class=\"pmpro_btn\" href=\"https:\/\/studx.fr\/en\/niveaux-dadhesion\/\">View Membership Levels<\/a><\/p>\n<\/div>\n<div class=\"pmpro_card_actions pmpro_font-medium\">Already a member? <a href=\"https:\/\/studx.fr\/en\/login\/?redirect_to=https%3A%2F%2Fstudx.fr%2Fen%2Fpodcasts%2F\">Log in here<\/a><\/div>\n<\/div>\n<\/div>","protected":false},"excerpt":{"rendered":"DOLBY DIGITAL7.1 DANGER DE LA MUSIQUE EP 1 DOLBY DIGITAL7.1 13 2025 LA V\u00c9RIT\u00c9 SUR LA BARBE BLEUE DOLBY DIGITAL7.1 10 2025 LA V\u00c9RIT\u00c9 SUR LE PETIT CHAPERON ROUGE DOLBY DIGITAL7.1 10 2025 Khawla Bint Al Azwar DOLBY DIGITAL7.1 10 2025 A\u00efcha, m\u00e8re des croyants DOLBY DIGITAL7.1 10 2025 Les grandes femmes de l\u2019islam","protected":false},"author":1,"featured_media":0,"parent":0,"menu_order":0,"comment_status":"closed","ping_status":"closed","template":"","meta":{"pmpro_default_level":"","footnotes":""},"class_list":["post-885","page","type-page","status-publish","hentry","pmpro-level-required","pmpro-level-1","pmpro-level-3","pmpro-level-2","pmpro-no-access"],"_links":{"self":[{"href":"https:\/\/studx.fr\/en\/wp-json\/wp\/v2\/pages\/885","targetHints":{"allow":["GET"]}}],"collection":[{"href":"https:\/\/studx.fr\/en\/wp-json\/wp\/v2\/pages"}],"about":[{"href":"https:\/\/studx.fr\/en\/wp-json\/wp\/v2\/types\/page"}],"author":[{"embeddable":true,"href":"https:\/\/studx.fr\/en\/wp-json\/wp\/v2\/users\/1"}],"replies":[{"embeddable":true,"href":"https:\/\/studx.fr\/en\/wp-json\/wp\/v2\/comments?post=885"}],"version-history":[{"count":6,"href":"https:\/\/studx.fr\/en\/wp-json\/wp\/v2\/pages\/885\/revisions"}],"predecessor-version":[{"id":1455,"href":"https:\/\/studx.fr\/en\/wp-json\/wp\/v2\/pages\/885\/revisions\/1455"}],"wp:attachment":[{"href":"https:\/\/studx.fr\/en\/wp-json\/wp\/v2\/media?parent=885"}],"curies":[{"name":"wp","href":"https:\/\/api.w.org\/{rel}","templated":true}]}}