{"id":322,"date":"2020-12-05T18:51:37","date_gmt":"2020-12-05T18:51:37","guid":{"rendered":"http:\/\/digiflex.themezinho.net\/?page_id=322"},"modified":"2024-09-16T15:54:49","modified_gmt":"2024-09-16T13:54:49","slug":"help-center","status":"publish","type":"page","link":"https:\/\/studx.fr\/en\/help-center\/","title":{"rendered":"Centre d&rsquo;aide"},"content":{"rendered":"<div class=\"wpb-content-wrapper\"><section  class=\"content-section\" ><div class=\"container\"><div class=\"vc_row wpb_row vc_row-fluid\"><div class=\"wpb_column vc_column_container vc_col-sm-12\"><div class=\"vc_column-inner\"><div class=\"wpb_wrapper\"><div class=\"vc_row wpb_row vc_inner vc_row-fluid\"><div class=\"wpb_column vc_column_container vc_col-sm-12\"><div class=\"vc_column-inner\"><div class=\"wpb_wrapper\"><div class=\"section-title\"  style='color:;'>\n    <h6> OBTENEZ UNE R\u00c9PONSE DE NOTRE SERVICE SUPPORT <\/h6>\n      <h2>Obtenez une aide personnalis\u00e9e<\/h2>\n  <\/div>\n<\/div><\/div><\/div><\/div><div class=\"vc_row wpb_row vc_inner vc_row-fluid\"><div class=\"wpb_column vc_column_container vc_col-sm-12 vc_col-md-7\"><div class=\"vc_column-inner\"><div class=\"wpb_wrapper\"><div class=\"text-box\" > \n\t<p>Bienvenue sur notre <strong>page d\u2019aide<\/strong> ! Ici, vous trouverez toutes les informations n\u00e9cessaires pour profiter pleinement de nos services. Que vous ayez des questions sur la cr\u00e9ation de votre compte, la gestion de votre abonnement, ou des probl\u00e8mes techniques, notre <strong>FAQ<\/strong> et nos <strong>guides d\u00e9taill\u00e9s<\/strong> sont l\u00e0 pour vous aider. Si vous ne trouvez pas la r\u00e9ponse \u00e0 votre question, notre service client est \u00e9galement \u00e0 votre disposition pour vous apporter une assistance rapide et personnalis\u00e9e. Nous sommes l\u00e0 pour vous accompagner \u00e0 chaque \u00e9tape !<\/p>\n \n<\/div>\n<\/div><\/div><\/div><div class=\"wpb_column vc_column_container vc_col-sm-12 vc_col-md-5\"><div class=\"vc_column-inner\"><div class=\"wpb_wrapper\"><div class=\"text-box\" > \n\t<p>Nous avons con\u00e7u cette page pour vous offrir une exp\u00e9rience de navigation fluide et intuitive. Si vous rencontrez un probl\u00e8me sp\u00e9cifique, n\u2019h\u00e9sitez pas \u00e0 utiliser notre barre de recherche pour trouver rapidement des r\u00e9ponses. Et pour toute question urgente, notre \u00e9quipe d\u2019assistance est disponible <strong>par whatsapp ou par e-mail<\/strong>, pr\u00eate \u00e0 vous r\u00e9pondre dans les plus brefs d\u00e9lais. Votre satisfaction est notre priorit\u00e9 !<\/p>\n \n<\/div>\n<\/div><\/div><\/div><\/div><div class=\"vc_row wpb_row vc_inner vc_row-fluid\"><div class=\"wpb_column vc_column_container vc_col-sm-4\"><div class=\"vc_column-inner\"><div class=\"wpb_wrapper\">\n\t<div class=\"support-box\">\n\t\t<i class=\"lni lni-folder\"><\/i>\n\t\t\t \t\t\t  <h5>Pour d\u00e9marrer<\/h5>\n\t\t \t\t\n\t\t <ul>\n        <li><a href=\"https:\/\/studx.fr\/en\/studx\/\"> C\u2019est quoi StudX ?<\/a><\/li>\n        <li><a href=\"https:\/\/studx.fr\/en\/conditions-generales-de-vente-cgv\/\"> Comment s\u2019abonner ?<\/a><\/li>\n      <\/ul>\n<\/div>\n<\/div><\/div><\/div><div class=\"wpb_column vc_column_container vc_col-sm-4\"><div class=\"vc_column-inner\"><div class=\"wpb_wrapper\">\n\t<div class=\"support-box\">\n\t\t<i class=\"lni lni-folder\"><\/i>\n\t\t\t \t\t\t  <h5>Je ne peux pas regarder STUDX<\/h5>\n\t\t \t\t\n\t\t <ul>\n        <li><a href=\"https:\/\/studx.fr\/en\/my-account\/edit-password\/\"> J'ai oubli\u00e9 mon identifiant ou mon mot de passe STUDX<\/a><\/li>\n      <\/ul>\n<\/div>\n<\/div><\/div><\/div><\/div><\/div><\/div><\/div><\/div><\/div><\/section>\n<\/div>","protected":false},"excerpt":{"rendered":"OBTENEZ UNE R\u00c9PONSE DE NOTRE SERVICE SUPPORT Obtenez une aide personnalis\u00e9e Bienvenue sur notre page d\u2019aide ! Ici, vous trouverez toutes les informations n\u00e9cessaires pour profiter pleinement de nos services. Que vous ayez des questions sur la cr\u00e9ation de votre compte, la gestion de votre abonnement, ou des probl\u00e8mes techniques, notre FAQ et nos guides [...]","protected":false},"author":1,"featured_media":0,"parent":0,"menu_order":0,"comment_status":"closed","ping_status":"closed","template":"page-builder.php","meta":{"pmpro_default_level":"","footnotes":""},"class_list":["post-322","page","type-page","status-publish","hentry","pmpro-has-access"],"_links":{"self":[{"href":"https:\/\/studx.fr\/en\/wp-json\/wp\/v2\/pages\/322","targetHints":{"allow":["GET"]}}],"collection":[{"href":"https:\/\/studx.fr\/en\/wp-json\/wp\/v2\/pages"}],"about":[{"href":"https:\/\/studx.fr\/en\/wp-json\/wp\/v2\/types\/page"}],"author":[{"embeddable":true,"href":"https:\/\/studx.fr\/en\/wp-json\/wp\/v2\/users\/1"}],"replies":[{"embeddable":true,"href":"https:\/\/studx.fr\/en\/wp-json\/wp\/v2\/comments?post=322"}],"version-history":[{"count":4,"href":"https:\/\/studx.fr\/en\/wp-json\/wp\/v2\/pages\/322\/revisions"}],"predecessor-version":[{"id":574,"href":"https:\/\/studx.fr\/en\/wp-json\/wp\/v2\/pages\/322\/revisions\/574"}],"wp:attachment":[{"href":"https:\/\/studx.fr\/en\/wp-json\/wp\/v2\/media?parent=322"}],"curies":[{"name":"wp","href":"https:\/\/api.w.org\/{rel}","templated":true}]}}