{"id":310,"date":"2020-12-05T18:36:17","date_gmt":"2020-12-05T18:36:17","guid":{"rendered":"http:\/\/digiflex.themezinho.net\/?page_id=310"},"modified":"2024-09-14T16:06:35","modified_gmt":"2024-09-14T14:06:35","slug":"legal-noticies","status":"publish","type":"page","link":"https:\/\/studx.fr\/en\/legal-noticies\/","title":{"rendered":"Termes juridiques"},"content":{"rendered":"<div class=\"wpb-content-wrapper\"><section  class=\"content-section\" ><div class=\"vc_row wpb_row vc_row-fluid\"><div class=\"wpb_column vc_column_container vc_col-sm-12\"><div class=\"vc_column-inner\"><div class=\"wpb_wrapper\"><div class=\"section-title\"  style='color:;'>\n    <h6> OBTENEZ UNE R\u00c9PONSE DE VOTRE SERVICE <\/h6>\n      <h2>Termes juridiques<\/h2>\n  <\/div>\n\n\t<div class=\"wpb_text_column wpb_content_element\" >\n\t\t<div class=\"wpb_wrapper\">\n\t\t\t<p>Le service StudX, y compris tout le contenu fourni sur le service StudX, est prot\u00e9g\u00e9 par nos droits d&rsquo;auteurs, la marque de commerce, le secret commercial ou d&rsquo;autres lois et trait\u00e9s sur la propri\u00e9t\u00e9 intellectuelle.<\/p>\n<p><strong>Droits d&rsquo;auteurs<\/strong><\/p>\n<p>Les droits d&rsquo;auteur sur les \u00e9missions et les films de notre service sont la propri\u00e9t\u00e9 de StudX et Les Profs Studio. Si vous pensez que vos droits d&rsquo;auteur ou ceux de quelqu&rsquo;un d&rsquo;autre sont viol\u00e9s par le biais du service digiflex, faites-le nous savoir en remplissant le formulaire de r\u00e9clamation pour violation du droit d&rsquo;auteur.<\/p>\n<p><b>Marques de commerce<\/b><\/p>\n<p>StudX est une marque fran\u00e7aise d\u00e9pos\u00e9e sur INPI et la stricte propri\u00e9t\u00e9 de l\u2019entreprise Les Profs Studio immatricul\u00e9e au 87901366200025<\/p>\n<p>&nbsp;<\/p>\n<p>Si vous n&rsquo;avez pas re\u00e7u notre autorisation, n&rsquo;utilisez pas les marques de l\u2019entreprise LES PROFS STUDIO comme les v\u00f4tres ou d&rsquo;une mani\u00e8re qui implique un parrainage ou une approbation par StudX.<\/p>\n<p>&nbsp;<\/p>\n<p>Un produit portant le nom ou le logo STUDX est le reflet de STUDX. \u00c0 moins que vous ne soyez l&rsquo;un de nos titulaires de licence, nous n&rsquo;autorisons pas d&rsquo;autres \u00e0 fabriquer, vendre ou donner quoi que ce soit avec notre nom ou notre logo dessus.<\/p>\n<p><b>Avis de tiers<\/b><\/p>\n<p>Le logiciel install\u00e9 sur les appareils pr\u00eats \u00e0 l&#8217;emploi de STUDX pour permettre le streaming du service STUDX peut contenir des logiciels disponibles sous des licences de logiciels open source ou libres (\u00ab\u00a0Logiciel Open Source\u00a0\u00bb) et\/ou des logiciels commerciaux sous licence STUDX (\u00ab Logiciel Commercial \u00bb). Les conditions d&rsquo;utilisation de STUDX ne modifient aucun droit ou obligation que vous pourriez avoir en vertu de ces licences de logiciel Open Source.<\/p>\n\n\t\t<\/div>\n\t<\/div>\n<\/div><\/div><\/div><\/div><\/section>\n<\/div>","protected":false},"excerpt":{"rendered":"OBTENEZ UNE R\u00c9PONSE DE VOTRE SERVICE Termes juridiques Le service StudX, y compris tout le contenu fourni sur le service StudX, est prot\u00e9g\u00e9 par nos droits d'auteurs, la marque de commerce, le secret commercial ou d'autres lois et trait\u00e9s sur la propri\u00e9t\u00e9 intellectuelle. Droits d'auteurs Les droits d'auteur sur les \u00e9missions et les films de [...]","protected":false},"author":1,"featured_media":0,"parent":0,"menu_order":0,"comment_status":"closed","ping_status":"closed","template":"page-builder.php","meta":{"pmpro_default_level":"","footnotes":""},"class_list":["post-310","page","type-page","status-publish","hentry","pmpro-has-access"],"_links":{"self":[{"href":"https:\/\/studx.fr\/en\/wp-json\/wp\/v2\/pages\/310","targetHints":{"allow":["GET"]}}],"collection":[{"href":"https:\/\/studx.fr\/en\/wp-json\/wp\/v2\/pages"}],"about":[{"href":"https:\/\/studx.fr\/en\/wp-json\/wp\/v2\/types\/page"}],"author":[{"embeddable":true,"href":"https:\/\/studx.fr\/en\/wp-json\/wp\/v2\/users\/1"}],"replies":[{"embeddable":true,"href":"https:\/\/studx.fr\/en\/wp-json\/wp\/v2\/comments?post=310"}],"version-history":[{"count":4,"href":"https:\/\/studx.fr\/en\/wp-json\/wp\/v2\/pages\/310\/revisions"}],"predecessor-version":[{"id":534,"href":"https:\/\/studx.fr\/en\/wp-json\/wp\/v2\/pages\/310\/revisions\/534"}],"wp:attachment":[{"href":"https:\/\/studx.fr\/en\/wp-json\/wp\/v2\/media?parent=310"}],"curies":[{"name":"wp","href":"https:\/\/api.w.org\/{rel}","templated":true}]}}