{"id":306,"date":"2020-12-05T18:33:27","date_gmt":"2020-12-05T18:33:27","guid":{"rendered":"http:\/\/digiflex.themezinho.net\/?page_id=306"},"modified":"2025-05-19T23:01:18","modified_gmt":"2025-05-19T21:01:18","slug":"conditions-d-utilisation","status":"publish","type":"page","link":"https:\/\/studx.fr\/en\/conditions-d-utilisation\/","title":{"rendered":"Conditions d\u2019utilisation"},"content":{"rendered":"<div class=\"wpb-content-wrapper\"><section  class=\"content-section\" ><div class=\"vc_row wpb_row vc_row-fluid\"><div class=\"wpb_column vc_column_container vc_col-sm-12\"><div class=\"vc_column-inner\"><div class=\"wpb_wrapper\"><div class=\"section-title\"  style='color:;'>\n    <h6> Notre retour sur  <\/h6>\n      <h2>Conditions g\u00e9n\u00e9rales d\u2019utilisation<\/h2>\n  <\/div>\n\n\t<div class=\"wpb_text_column wpb_content_element\" >\n\t\t<div class=\"wpb_wrapper\">\n\t\t\t<h3 class=\"\" data-start=\"0\" data-end=\"34\">Mentions L\u00e9gales &#8211; StudX Space<\/h3>\n<h4 class=\"\" data-start=\"36\" data-end=\"58\">\u00c9diteur du site<\/h4>\n<ul data-start=\"59\" data-end=\"476\">\n<li class=\"\" data-start=\"59\" data-end=\"106\">\n<p class=\"\" data-start=\"61\" data-end=\"106\"><strong data-start=\"61\" data-end=\"87\">D\u00e9nomination sociale :<\/strong> Les Profs Studio<\/p>\n<\/li>\n<li class=\"\" data-start=\"107\" data-end=\"157\">\n<p class=\"\" data-start=\"109\" data-end=\"157\"><strong data-start=\"109\" data-end=\"131\">Statut juridique :<\/strong> Entreprise individuelle<\/p>\n<\/li>\n<li class=\"\" data-start=\"158\" data-end=\"183\">\n<p class=\"\" data-start=\"160\" data-end=\"183\"><strong data-start=\"160\" data-end=\"171\">SIRET :<\/strong> 879013662<\/p>\n<\/li>\n<li class=\"\" data-start=\"184\" data-end=\"264\">\n<p class=\"\" data-start=\"186\" data-end=\"264\"><strong data-start=\"186\" data-end=\"215\">Adresse du si\u00e8ge social :<\/strong> 66 rue de l&rsquo;\u00e9galit\u00e9, 92130 Issy-les-Moulineaux<\/p>\n<\/li>\n<li class=\"\" data-start=\"265\" data-end=\"317\">\n<p class=\"\" data-start=\"267\" data-end=\"317\"><strong data-start=\"267\" data-end=\"301\">Directrice de la publication :<\/strong> Nibel Seddoud<\/p>\n<\/li>\n<li class=\"\" data-start=\"318\" data-end=\"362\">\n<p class=\"\" data-start=\"320\" data-end=\"362\"><strong data-start=\"320\" data-end=\"345\">Num\u00e9ro de t\u00e9l\u00e9phone :<\/strong> 06 51 52 34 76<\/p>\n<\/li>\n<li class=\"\" data-start=\"363\" data-end=\"421\">\n<p class=\"\" data-start=\"365\" data-end=\"421\"><strong data-start=\"365\" data-end=\"395\">Adresse email de contact :<\/strong> <a class=\"cursor-pointer\" rel=\"noopener\" data-start=\"396\" data-end=\"419\">lesprofstudio@gmail.com<\/a><\/p>\n<\/li>\n<li class=\"\" data-start=\"422\" data-end=\"476\">\n<p class=\"\" data-start=\"424\" data-end=\"476\"><strong data-start=\"424\" data-end=\"444\">Marque d\u00e9pos\u00e9e :<\/strong> StudX est une marque d\u00e9pos\u00e9e.<\/p>\n<\/li>\n<\/ul>\n<hr class=\"\" data-start=\"478\" data-end=\"481\" \/>\n<h4 class=\"\" data-start=\"483\" data-end=\"509\">H\u00e9bergement du site<\/h4>\n<ul data-start=\"510\" data-end=\"793\">\n<li class=\"\" data-start=\"510\" data-end=\"539\">\n<p class=\"\" data-start=\"512\" data-end=\"539\"><strong data-start=\"512\" data-end=\"527\">H\u00e9bergeur :<\/strong> Hostinger<\/p>\n<\/li>\n<li class=\"\" data-start=\"540\" data-end=\"648\">\n<p class=\"\" data-start=\"542\" data-end=\"648\"><strong data-start=\"542\" data-end=\"570\">Adresse de l&rsquo;h\u00e9bergeur :<\/strong> Hostinger International Ltd, 61 Lordou Vironos Street, 6023 Larnaca, Chypre<\/p>\n<\/li>\n<li class=\"\" data-start=\"649\" data-end=\"708\">\n<p class=\"\" data-start=\"651\" data-end=\"708\"><strong data-start=\"651\" data-end=\"691\">Num\u00e9ro de t\u00e9l\u00e9phone de l\u2019h\u00e9bergeur :<\/strong> +370 645 03378<\/p>\n<\/li>\n<li class=\"\" data-start=\"709\" data-end=\"793\">\n<p class=\"\" data-start=\"711\" data-end=\"793\"><strong data-start=\"711\" data-end=\"736\">Site de l\u2019h\u00e9bergeur :<\/strong> <a class=\"\" href=\"https:\/\/www.hostinger.com\/\" target=\"_new\" rel=\"noopener\" data-start=\"737\" data-end=\"791\">https:\/\/www.hostinger.com<\/a><\/p>\n<\/li>\n<\/ul>\n<hr class=\"\" data-start=\"795\" data-end=\"798\" \/>\n<h4 class=\"\" data-start=\"800\" data-end=\"831\">Propri\u00e9t\u00e9 intellectuelle<\/h4>\n<p class=\"\" data-start=\"832\" data-end=\"1211\">Le contenu du site StudX.fr (textes, images, vid\u00e9os, logos, graphismes) est prot\u00e9g\u00e9 par les dispositions du Code de la propri\u00e9t\u00e9 intellectuelle. Toute reproduction, repr\u00e9sentation, modification, publication ou adaptation, totale ou partielle des \u00e9l\u00e9ments du site, quel que soit le moyen ou le proc\u00e9d\u00e9 utilis\u00e9, est interdite sans autorisation \u00e9crite pr\u00e9alable de StudX.<\/p>\n<hr class=\"\" data-start=\"1213\" data-end=\"1216\" \/>\n<h4 class=\"\" data-start=\"1218\" data-end=\"1252\">Donn\u00e9es personnelles (RGPD)<\/h4>\n<p class=\"\" data-start=\"1253\" data-end=\"1576\">Les informations recueillies via le site StudX font l&rsquo;objet d&rsquo;un traitement informatique destin\u00e9 \u00e0 la gestion des r\u00e9servations, au suivi des utilisateurs et \u00e0 l&rsquo;am\u00e9lioration de nos services. Ces informations sont collect\u00e9es dans le respect des dispositions du R\u00e8glement G\u00e9n\u00e9ral sur la Protection des Donn\u00e9es (RGPD).<\/p>\n<ul data-start=\"1578\" data-end=\"2340\">\n<li class=\"\" data-start=\"1578\" data-end=\"1630\">\n<p class=\"\" data-start=\"1580\" data-end=\"1630\"><strong data-start=\"1580\" data-end=\"1611\">Responsable du traitement :<\/strong> Les Profs Studio<\/p>\n<\/li>\n<li class=\"\" data-start=\"1631\" data-end=\"1781\">\n<p class=\"\" data-start=\"1633\" data-end=\"1781\"><strong data-start=\"1633\" data-end=\"1662\">Finalit\u00e9 de la collecte :<\/strong> gestion des r\u00e9servations, communication avec les utilisateurs, envoi de newsletters (si l&rsquo;utilisateur y a consenti).<\/p>\n<\/li>\n<li class=\"\" data-start=\"1782\" data-end=\"1877\">\n<p class=\"\" data-start=\"1784\" data-end=\"1877\"><strong data-start=\"1784\" data-end=\"1808\">Donn\u00e9es collect\u00e9es :<\/strong> nom, pr\u00e9nom, email, num\u00e9ro de t\u00e9l\u00e9phone, informations de paiement.<\/p>\n<\/li>\n<li class=\"\" data-start=\"1878\" data-end=\"2161\">\n<p class=\"\" data-start=\"1880\" data-end=\"2161\"><strong data-start=\"1880\" data-end=\"1909\">Droits des utilisateurs :<\/strong> Conform\u00e9ment au RGPD, les utilisateurs disposent d&rsquo;un droit d&rsquo;acc\u00e8s, de rectification, d&rsquo;effacement, de limitation du traitement, de portabilit\u00e9 et d&rsquo;opposition sur leurs donn\u00e9es. Pour exercer ces droits, veuillez contacter : <a class=\"cursor-pointer\" rel=\"noopener\" data-start=\"2136\" data-end=\"2159\">lesprofstudio@gmail.com<\/a><\/p>\n<\/li>\n<li class=\"\" data-start=\"2162\" data-end=\"2340\">\n<p class=\"\" data-start=\"2164\" data-end=\"2340\"><strong data-start=\"2164\" data-end=\"2203\">Dur\u00e9e de conservation des donn\u00e9es :<\/strong> Les donn\u00e9es sont conserv\u00e9es pendant la dur\u00e9e n\u00e9cessaire \u00e0 la gestion de la relation commerciale et au respect des obligations l\u00e9gales.<\/p>\n<\/li>\n<\/ul>\n<hr class=\"\" data-start=\"2342\" data-end=\"2345\" \/>\n<h4 class=\"\" data-start=\"2347\" data-end=\"2361\">Cookies<\/h4>\n<p class=\"\" data-start=\"2362\" data-end=\"2654\">Le site StudX utilise des cookies afin d&rsquo;am\u00e9liorer l&rsquo;exp\u00e9rience utilisateur et de r\u00e9aliser des statistiques de fr\u00e9quentation. Les utilisateurs sont inform\u00e9s de l&rsquo;utilisation des cookies d\u00e8s leur premi\u00e8re visite et peuvent g\u00e9rer leurs pr\u00e9f\u00e9rences via les param\u00e8tres de leur navigateur.<\/p>\n<hr class=\"\" data-start=\"2656\" data-end=\"2659\" \/>\n<h4 class=\"\" data-start=\"2661\" data-end=\"2696\">Limitation de responsabilit\u00e9<\/h4>\n<p class=\"\" data-start=\"2697\" data-end=\"2939\">Les informations pr\u00e9sentes sur le site StudX sont fournies \u00e0 titre informatif. Les Profs Studio s&rsquo;efforcent de maintenir le site \u00e0 jour, mais ne garantissent pas l&rsquo;exactitude, la compl\u00e9tude ou la pertinence des informations diffus\u00e9es.<\/p>\n<p class=\"\" data-start=\"2941\" data-end=\"3150\">Les Profs Studio ne pourront \u00eatre tenus responsables des dommages directs ou indirects r\u00e9sultant de l&rsquo;utilisation du site, de l&rsquo;impossibilit\u00e9 d&rsquo;y acc\u00e9der, ou de l&rsquo;utilisation des informations qu&rsquo;il contient.<\/p>\n<hr class=\"\" data-start=\"3152\" data-end=\"3155\" \/>\n<h4 class=\"\" data-start=\"3157\" data-end=\"3186\">Juridiction comp\u00e9tente<\/h4>\n<p class=\"\" data-start=\"3187\" data-end=\"3469\">Tout litige relatif \u00e0 l&rsquo;utilisation du site StudX est soumis au droit fran\u00e7ais. En cas de diff\u00e9rend, les parties s&rsquo;engagent \u00e0 rechercher une solution amiable avant toute action judiciaire. \u00c0 d\u00e9faut de r\u00e9solution amiable, les juridictions fran\u00e7aises seront seules comp\u00e9tentes.<\/p>\n<p class=\"p1\"><strong>Conditions G\u00e9n\u00e9rales d\u2019Utilisation (CGU)<\/strong><\/p>\n<p class=\"p1\"><strong><span class=\"s1\">\u00a01. Objet<\/span><\/strong><\/p>\n<p class=\"p1\"><span class=\"s1\">Les pr\u00e9sentes Conditions G\u00e9n\u00e9rales d&rsquo;Utilisation (CGU) r\u00e9gissent l&rsquo;acc\u00e8s et l&rsquo;utilisation des services de streaming de contenu en ligne propos\u00e9s par STUDX, marque repr\u00e9sentant la soci\u00e9t\u00e9 LES PROFS STUDIO (ci-apr\u00e8s d\u00e9sign\u00e9 \u00ab la Plateforme \u00bb). En acc\u00e9dant \u00e0 la Plateforme ou en utilisant nos services, l\u2019utilisateur (ci-apr\u00e8s \u00ab l\u2019Utilisateur \u00bb) accepte les pr\u00e9sentes CGU.<\/span><\/p>\n<p class=\"p1\"><strong><span class=\"s1\">2. Acc\u00e8s aux Services<\/span><\/strong><\/p>\n<p class=\"p1\"><strong><span class=\"s1\">2.1. Conditions d&rsquo;Acc\u00e8s<\/span><\/strong><\/p>\n<p class=\"p1\"><span class=\"s1\">L&rsquo;acc\u00e8s aux services de la Plateforme est r\u00e9serv\u00e9 aux utilisateurs ayant souscrit \u00e0 l&rsquo;un des abonnements propos\u00e9s. Toute utilisation des services de la Plateforme est soumise \u00e0 la cr\u00e9ation d&rsquo;un compte utilisateur et \u00e0 l&rsquo;acceptation des pr\u00e9sentes CGU.<\/span><\/p>\n<p class=\"p1\"><strong><span class=\"s1\">2.2. \u00c2ge Requis<\/span><\/strong><\/p>\n<p class=\"p1\"><span class=\"s1\">L&rsquo;utilisation de la Plateforme est r\u00e9serv\u00e9e aux personnes \u00e2g\u00e9es de 18 ans ou plus. Les mineurs peuvent utiliser le service uniquement sous la supervision d&rsquo;un adulte titulaire du compte.<\/span><\/p>\n<p class=\"p1\"><strong>2.3. \u00c9quipement<\/strong><\/p>\n<p class=\"p1\"><span class=\"s1\">L\u2019Utilisateur est responsable de l&rsquo;\u00e9quipement n\u00e9cessaire pour acc\u00e9der \u00e0 la Plateforme, incluant une connexion Internet, et de la compatibilit\u00e9 de ses dispositifs avec la Plateforme.<\/span><\/p>\n<p class=\"p1\"><strong><span class=\"s1\">3. Offres d&rsquo;Abonnement<\/span><\/strong><\/p>\n<p class=\"p1\"><span class=\"s1\">\u00a0<strong>3.1. Grille Tarifaire<\/strong><\/span><\/p>\n<p class=\"p1\"><span class=\"s1\">La Plateforme propose plusieurs abonnements, tels que d\u00e9finis sur la page de tarification de la Plateforme. Les abonnements sont renouvel\u00e9s automatiquement \u00e0 chaque p\u00e9riode, sauf r\u00e9siliation par l&rsquo;Utilisateur.<\/span><\/p>\n<p class=\"p1\"><span class=\"s1\"><b>3.2. Paiements<\/b>\u00a0<\/span><\/p>\n<p class=\"p1\"><span class=\"s1\">Les paiements des abonnements sont effectu\u00e9s par pr\u00e9l\u00e8vement mensuel ou annuel, selon l&rsquo;abonnement choisi. Le non-paiement entra\u00eene la suspension du compte jusqu&rsquo;\u00e0 r\u00e9gularisation.<\/span><\/p>\n<h3 class=\"p1\"><\/h3>\n<p class=\"p1\"><strong><span class=\"s1\">3.3. Modification des Tarifs<\/span><\/strong><\/p>\n<p class=\"p1\"><span class=\"s1\">La Plateforme se r\u00e9serve le droit de modifier ses tarifs \u00e0 tout moment. Les utilisateurs seront inform\u00e9s de toute modification tarifaire avec un pr\u00e9avis de 30 jours. Les nouvelles conditions tarifaires entreront en vigueur \u00e0 l&rsquo;issue de la p\u00e9riode d&rsquo;abonnement en cours.<\/span><\/p>\n<p class=\"p1\"><strong><span class=\"s1\">\u00a04. Utilisation des Services<\/span><\/strong><\/p>\n<p class=\"p1\"><strong><span class=\"s1\">4.1. Acc\u00e8s au Contenu<\/span><\/strong><\/p>\n<p class=\"p1\"><span class=\"s1\">Les utilisateurs abonn\u00e9s ont acc\u00e8s au catalogue de films, s\u00e9ries, et autres contenus disponibles sur la Plateforme.<\/span><\/p>\n<p class=\"p1\"><strong><span class=\"s1\">4.2. Restrictions d&rsquo;Utilisation<\/span><\/strong><\/p>\n<p class=\"p1\"><span class=\"s1\">L&rsquo;Utilisateur s&rsquo;engage \u00e0 utiliser la Plateforme uniquement \u00e0 des fins personnelles et non commerciales. La diffusion publique, la reproduction, la modification, la revente ou la distribution de tout contenu de la Plateforme est strictement interdite.<\/span><\/p>\n<p class=\"p1\"><strong><span class=\"s1\">5. Propri\u00e9t\u00e9 Intellectuelle<\/span><\/strong><\/p>\n<p class=\"p1\"><strong><span class=\"s1\">5.1. Contenu de la Plateforme<\/span><\/strong><\/p>\n<p class=\"p1\"><span class=\"s1\">Tous les \u00e9l\u00e9ments pr\u00e9sents sur la Plateforme (contenus audiovisuels, textes, graphiques, logos, interfaces, etc.) sont la propri\u00e9t\u00e9 exclusive de La Plateforme ou de ses partenaires. Toute utilisation non autoris\u00e9e est strictement interdite.<\/span><\/p>\n<p class=\"p1\"><strong><span class=\"s1\">5.2. Licence Limit\u00e9e<\/span><\/strong><\/p>\n<p class=\"p1\"><span class=\"s1\">L\u2019Utilisateur b\u00e9n\u00e9ficie d\u2019une licence personnelle, non exclusive, non transf\u00e9rable et limit\u00e9e \u00e0 l\u2019utilisation des services de la Plateforme, conform\u00e9ment aux pr\u00e9sentes CGU.<\/span><\/p>\n<p class=\"p1\"><strong><span class=\"s1\">6. Protection des Donn\u00e9es Personnelles<\/span><\/strong><\/p>\n<p class=\"p1\"><span class=\"s1\">Les donn\u00e9es personnelles collect\u00e9es lors de la cr\u00e9ation du compte et de l\u2019utilisation de la Plateforme sont trait\u00e9es conform\u00e9ment \u00e0 notre Politique de Confidentialit\u00e9, disponible. L\u2019Utilisateur a le droit d\u2019acc\u00e9der, de rectifier et de supprimer ses donn\u00e9es conform\u00e9ment aux lois en vigueur.<\/span><\/p>\n<p class=\"p1\"><span class=\"s1\">\u00a0<b>7. R\u00e9siliation<\/b><\/span><\/p>\n<p><strong>7.1. R\u00e9siliation par l\u2019Utilisateur<\/strong><\/p>\n<p class=\"p1\"><span class=\"s1\">L&rsquo;Utilisateur peut r\u00e9silier son abonnement \u00e0 tout moment via son compte utilisateur. L&rsquo;abonnement restera actif jusqu&rsquo;\u00e0 la fin de la p\u00e9riode en cours.<\/span><\/p>\n<p class=\"p1\"><strong><span class=\"s1\">7.2. R\u00e9siliation par la Plateforme<\/span><\/strong><\/p>\n<p class=\"p1\"><span class=\"s1\">La Plateforme se r\u00e9serve le droit de suspendre ou de r\u00e9silier un compte en cas de non-respect des pr\u00e9sentes CGU, sans pr\u00e9avis.<\/span><\/p>\n<p class=\"p1\"><strong><span class=\"s1\">8. Responsabilit\u00e9<\/span><\/strong><\/p>\n<p class=\"p1\"><strong><span class=\"s1\">8.1. Limitation de Responsabilit\u00e9<\/span><\/strong><\/p>\n<p class=\"p1\"><span class=\"s1\">La Plateforme s&rsquo;efforce de fournir un service de qualit\u00e9, mais ne garantit pas l&rsquo;absence de bugs, interruptions ou erreurs. La Plateforme d\u00e9cline toute responsabilit\u00e9 en cas de perte ou de dommage r\u00e9sultant de l&rsquo;utilisation ou de l&rsquo;impossibilit\u00e9 d&rsquo;utiliser les services de la Plateforme.<\/span><\/p>\n<p class=\"p1\"><strong><span class=\"s1\">8.2. Force Majeure<\/span><\/strong><\/p>\n<p class=\"p1\"><span class=\"s1\">La responsabilit\u00e9 de la Plateforme ne pourra \u00eatre engag\u00e9e en cas de force majeure, tels que d\u00e9finis par la loi.<\/span><\/p>\n<p class=\"p1\"><span class=\"s1\"><br \/>\n<\/span><strong>9. Modifications des CGU<\/strong><\/p>\n<p class=\"p1\"><span class=\"s1\">La Plateforme se r\u00e9serve le droit de modifier les pr\u00e9sentes CGU \u00e0 tout moment. Les utilisateurs seront inform\u00e9s des changements par email ou via la Plateforme. Les modifications entreront en vigueur imm\u00e9diatement apr\u00e8s publication, sauf indication contraire.<\/span><\/p>\n<p class=\"p1\"><strong><span class=\"s1\">\u00a010. Droit Applicable et Litiges<\/span><\/strong><\/p>\n<p class=\"p1\"><span class=\"s1\">Les pr\u00e9sentes CGU sont r\u00e9gies par le droit fran\u00e7ais. En cas de litige, les parties s&rsquo;engagent \u00e0 rechercher une solution amiable avant de recourir \u00e0 une action judiciaire. \u00c0 d\u00e9faut, les tribunaux comp\u00e9tents seront ceux du ressort de StudX.<\/span><\/p>\n<p class=\"p1\"><span class=\"s1\">&#8212;<\/span><\/p>\n<p class=\"p1\"><span class=\"s1\">Derni\u00e8re mise \u00e0 jour : 14 septembre 2024<\/span><\/p>\n\n\t\t<\/div>\n\t<\/div>\n<\/div><\/div><\/div><\/div><\/section>\n<\/div>","protected":false},"excerpt":{"rendered":"Notre retour sur Conditions g\u00e9n\u00e9rales d\u2019utilisation Mentions L\u00e9gales - StudX Space \u00c9diteur du site D\u00e9nomination sociale : Les Profs Studio Statut juridique : Entreprise individuelle SIRET : 879013662 Adresse du si\u00e8ge social : 66 rue de l'\u00e9galit\u00e9, 92130 Issy-les-Moulineaux Directrice de la publication : Nibel Seddoud Num\u00e9ro de t\u00e9l\u00e9phone : 06 51 52 34 76 [...]","protected":false},"author":1,"featured_media":0,"parent":0,"menu_order":0,"comment_status":"closed","ping_status":"closed","template":"page-builder.php","meta":{"pmpro_default_level":"","footnotes":""},"class_list":["post-306","page","type-page","status-publish","hentry","pmpro-has-access"],"_links":{"self":[{"href":"https:\/\/studx.fr\/en\/wp-json\/wp\/v2\/pages\/306","targetHints":{"allow":["GET"]}}],"collection":[{"href":"https:\/\/studx.fr\/en\/wp-json\/wp\/v2\/pages"}],"about":[{"href":"https:\/\/studx.fr\/en\/wp-json\/wp\/v2\/types\/page"}],"author":[{"embeddable":true,"href":"https:\/\/studx.fr\/en\/wp-json\/wp\/v2\/users\/1"}],"replies":[{"embeddable":true,"href":"https:\/\/studx.fr\/en\/wp-json\/wp\/v2\/comments?post=306"}],"version-history":[{"count":4,"href":"https:\/\/studx.fr\/en\/wp-json\/wp\/v2\/pages\/306\/revisions"}],"predecessor-version":[{"id":1736,"href":"https:\/\/studx.fr\/en\/wp-json\/wp\/v2\/pages\/306\/revisions\/1736"}],"wp:attachment":[{"href":"https:\/\/studx.fr\/en\/wp-json\/wp\/v2\/media?parent=306"}],"curies":[{"name":"wp","href":"https:\/\/api.w.org\/{rel}","templated":true}]}}