{"id":250,"date":"2020-12-05T12:23:01","date_gmt":"2020-12-05T12:23:01","guid":{"rendered":"http:\/\/digiflex.themezinho.net\/?page_id=250"},"modified":"2024-09-16T15:36:25","modified_gmt":"2024-09-16T13:36:25","slug":"studx","status":"publish","type":"page","link":"https:\/\/studx.fr\/en\/studx\/","title":{"rendered":"StudX"},"content":{"rendered":"<div class=\"wpb-content-wrapper\"><section  class=\"content-section\" ><div class=\"container\"><div class=\"vc_row wpb_row vc_row-fluid\"><div class=\"wpb_column vc_column_container vc_col-sm-12\"><div class=\"vc_column-inner\"><div class=\"wpb_wrapper\"><div class=\"vc_row wpb_row vc_inner vc_row-fluid\"><div class=\"wpb_column vc_column_container vc_col-sm-12\"><div class=\"vc_column-inner\"><div class=\"wpb_wrapper\"><div class=\"section-title  text-center\"  style='color:;'>\n    <h6> PLATE-FORME STUDX <\/h6>\n      <h2>Qu'est-ce que le streaming sur StudX ?<\/h2>\n  <\/div>\n<\/div><\/div><\/div><\/div><div class=\"vc_row wpb_row vc_inner vc_row-fluid\"><div class=\"wpb_column vc_column_container vc_col-sm-4\"><div class=\"vc_column-inner\"><div class=\"wpb_wrapper\"><div class=\"icon-box\">\n  <figure> <img decoding=\"async\" src=\"https:\/\/studx.fr\/wp-content\/uploads\/2020\/11\/icon01.png\" alt=\"icon01\"> <\/figure>\n  <h5>Acc\u00e8s en voyageant<\/h5>\n    <p>Gardez l'acc\u00e8s \u00e0 votre contenu de divertissement tout en parcourant le monde. Choisissez parmi tout notre contenu<\/p>\n  <\/div>\n<\/div><\/div><\/div><div class=\"wpb_column vc_column_container vc_col-sm-4\"><div class=\"vc_column-inner\"><div class=\"wpb_wrapper\"><div class=\"icon-box\">\n  <figure> <img decoding=\"async\" src=\"https:\/\/studx.fr\/wp-content\/uploads\/2020\/11\/icon02.png\" alt=\"icon02\"> <\/figure>\n  <h5>Restez en s\u00e9curit\u00e9 \u00e0 tout moment<\/h5>\n    <p>Acc\u00e9dez en toute s\u00e9curit\u00e9 et profitez de votre contenu pr\u00e9f\u00e9r\u00e9, m\u00eame sur le Wi-Fi public. Votre connexion.<\/p>\n  <\/div>\n<\/div><\/div><\/div><div class=\"wpb_column vc_column_container vc_col-sm-4\"><div class=\"vc_column-inner\"><div class=\"wpb_wrapper\"><div class=\"icon-box\">\n  <figure> <img decoding=\"async\" src=\"https:\/\/studx.fr\/wp-content\/uploads\/2020\/11\/icon03.png\" alt=\"icon03\"> <\/figure>\n  <h5>Stream sans interruption<\/h5>\n    <p>Pause pour les collations, pas pour la mise en m\u00e9moire tampon. Diffusez en douceur avec notre r\u00e9seau de protocoles ultra-rapide.<\/p>\n  <\/div>\n<\/div><\/div><\/div><\/div><\/div><\/div><\/div><\/div><\/div><\/section><section  class=\"content-section bg-image\" style=\"background: url(https:\/\/studx.fr\/wp-content\/uploads\/2020\/12\/section-bg01.jpg) center no-repeat; \"><div class=\"container\"><div class=\"vc_row wpb_row vc_row-fluid\"><div class=\"wpb_column vc_column_container vc_col-sm-12\"><div class=\"vc_column-inner\"><div class=\"wpb_wrapper\"><div class=\"vc_row wpb_row vc_inner vc_row-fluid vc_custom_1607172527621\"><div class=\"cta-form wpb_column vc_column_container vc_col-sm-8 vc_col-md-5\"><div class=\"vc_column-inner vc_custom_1607172532760\"><div class=\"wpb_wrapper\">\n\t<div class=\"wpb_raw_code wpb_raw_html wpb_content_element vc_custom_1607172444518\" >\n\t\t<div class=\"wpb_wrapper\">\n\t\t\t<script>(function() {\n\twindow.mc4wp = window.mc4wp || {\n\t\tlisteners: [],\n\t\tforms: {\n\t\t\ton: function(evt, cb) {\n\t\t\t\twindow.mc4wp.listeners.push(\n\t\t\t\t\t{\n\t\t\t\t\t\tevent   : evt,\n\t\t\t\t\t\tcallback: cb\n\t\t\t\t\t}\n\t\t\t\t);\n\t\t\t}\n\t\t}\n\t}\n})();\n<\/script><!-- Mailchimp for WordPress v4.10.3 - https:\/\/wordpress.org\/plugins\/mailchimp-for-wp\/ --><form id=\"mc4wp-form-1\" class=\"mc4wp-form mc4wp-form-224\" method=\"post\" data-id=\"224\" data-name=\"Subscription\" action=\"\" ><div class=\"mc4wp-form-fields\"><h2>Commencez vos 30 premiers jours.<\/h2>\r\n            <p>Pr\u00eat \u00e0 regarder ? Entrez votre email pour cr\u00e9er ou reprendre votre abonnement.<\/p>\r\n            <div class=\"form\">\r\n              <input type=\"email\" placeholder=\"Entrez votre adresse e-mail\">\r\n              <input type=\"submit\" value=\"COMMENCER\">\r\n            <\/div>\r\n<\/div><label style=\"display: none !important;\">Leave this field empty if you're human: <input type=\"text\" name=\"_mc4wp_honeypot\" value=\"\" tabindex=\"-1\" autocomplete=\"off\" \/><\/label><input type=\"hidden\" name=\"_mc4wp_timestamp\" value=\"1777541047\" \/><input type=\"hidden\" name=\"_mc4wp_form_id\" value=\"224\" \/><input type=\"hidden\" name=\"_mc4wp_form_element_id\" value=\"mc4wp-form-1\" \/><div class=\"mc4wp-response\"><\/div><input type=\"hidden\" name=\"trp-form-language\" value=\"en\"\/><\/form><!-- \/ Mailchimp for WordPress Plugin -->\n\t\t<\/div>\n\t<\/div>\n<\/div><\/div><\/div><\/div><\/div><\/div><\/div><\/div><\/div><\/section><section  class=\"content-section\" ><div class=\"container\"><div class=\"vc_row wpb_row vc_row-fluid\"><div class=\"wpb_column vc_column_container vc_col-sm-12\"><div class=\"vc_column-inner\"><div class=\"wpb_wrapper\"><div class=\"vc_row wpb_row vc_inner vc_row-fluid\"><div class=\"wpb_column vc_column_container vc_col-sm-12\"><div class=\"vc_column-inner\"><div class=\"wpb_wrapper\"><div class=\"section-title  text-center\"  style='color:;'>\n    <h6> LA R\u00c9VOLUTION EST N\u00c9E <\/h6>\n      <h2>La fondatrice<\/h2>\n  <\/div>\n<\/div><\/div><\/div><\/div><div class=\"vc_row wpb_row vc_inner vc_row-fluid justify-content-center\"><div class=\"wpb_column vc_column_container vc_col-sm-6 vc_col-md-4\"><div class=\"vc_column-inner\"><div class=\"wpb_wrapper\"><div class=\"member-box\">\n  <figure> <img decoding=\"async\" src=\"https:\/\/studx.fr\/wp-content\/uploads\/2024\/09\/IMG_3730-e1726320691429.png\" alt=\"Nibel Seddoud\" class=\"image\">\n      <\/figure>\n    <h5>Nibel Seddoud<\/h5>\n      <small>PDG - Founder CEO Les Profs Studio, StudX &amp; LPS Event<\/small>\n    <ul>\n        <li><a href=\"\"> <i class=\"lni lni-facebook-filled\"><\/i><\/a> <\/li>\n        <li><a href=\"\"> <i class=\"lni lni-twitter-original\"><\/i><\/a> <\/li>\n        <li><a href=\"\"> <i class=\"lni lni-instagram-original\"><\/i><\/a> <\/li>\n        <li><a href=\"\"> <i class=\"lni lni-linkedin-original\"><\/i><\/a> <\/li>\n      <\/ul>\n<\/div>\n<\/div><\/div><\/div><\/div><\/div><\/div><\/div><\/div><\/div><\/section><section  class=\"content-section bg-image\" style=\"background: url(https:\/\/studx.fr\/wp-content\/uploads\/2020\/12\/section-bg02.jpg) center no-repeat; \"><div class=\"container\"><div class=\"vc_row wpb_row vc_row-fluid\"><div class=\"wpb_column vc_column_container vc_col-sm-12\"><div class=\"vc_column-inner\"><div class=\"wpb_wrapper\"><div class=\"cta-box\">\n    <h2>N'importe quand n'importe o\u00f9<\/h2>\n      <p>Watch on your PC, Mac, iPhone, iPad, Apple TV, Android, Playstation,<br \/>\nRoku, and Samsung Smart TV.<\/p>\n      <a href=\"https:\/\/studx.fr\/en\/registration\/\" class=\"custom-button\">GET STARTED<\/a>\n  <\/div>\n<\/div><\/div><\/div><\/div><\/div><\/section>\n<\/div>","protected":false},"excerpt":{"rendered":"PLATE-FORME STUDX Qu'est-ce que le streaming sur StudX ? Acc\u00e8s en voyageant Gardez l'acc\u00e8s \u00e0 votre contenu de divertissement tout en parcourant le monde. Choisissez parmi tout notre contenu Restez en s\u00e9curit\u00e9 \u00e0 tout moment Acc\u00e9dez en toute s\u00e9curit\u00e9 et profitez de votre contenu pr\u00e9f\u00e9r\u00e9, m\u00eame sur le Wi-Fi public. Votre connexion. Stream sans interruption [...]","protected":false},"author":1,"featured_media":0,"parent":0,"menu_order":0,"comment_status":"closed","ping_status":"closed","template":"page-builder.php","meta":{"pmpro_default_level":"","footnotes":""},"class_list":["post-250","page","type-page","status-publish","hentry","pmpro-has-access"],"_links":{"self":[{"href":"https:\/\/studx.fr\/en\/wp-json\/wp\/v2\/pages\/250","targetHints":{"allow":["GET"]}}],"collection":[{"href":"https:\/\/studx.fr\/en\/wp-json\/wp\/v2\/pages"}],"about":[{"href":"https:\/\/studx.fr\/en\/wp-json\/wp\/v2\/types\/page"}],"author":[{"embeddable":true,"href":"https:\/\/studx.fr\/en\/wp-json\/wp\/v2\/users\/1"}],"replies":[{"embeddable":true,"href":"https:\/\/studx.fr\/en\/wp-json\/wp\/v2\/comments?post=250"}],"version-history":[{"count":8,"href":"https:\/\/studx.fr\/en\/wp-json\/wp\/v2\/pages\/250\/revisions"}],"predecessor-version":[{"id":776,"href":"https:\/\/studx.fr\/en\/wp-json\/wp\/v2\/pages\/250\/revisions\/776"}],"wp:attachment":[{"href":"https:\/\/studx.fr\/en\/wp-json\/wp\/v2\/media?parent=250"}],"curies":[{"name":"wp","href":"https:\/\/api.w.org\/{rel}","templated":true}]}}